{"id":988,"date":"2024-06-17T11:36:49","date_gmt":"2024-06-17T09:36:49","guid":{"rendered":"https:\/\/behindthewheel.be\/?page_id=988"},"modified":"2025-07-09T09:16:34","modified_gmt":"2025-07-09T07:16:34","slug":"derriere-le-volant","status":"publish","type":"page","link":"https:\/\/behindthewheel.be\/index.php\/derriere-le-volant\/","title":{"rendered":"Derri\u00e8re le volant"},"content":{"rendered":"\n<div class=\"wp-block-columns is-layout-flex wp-container-core-columns-is-layout-4b169b67 wp-block-columns-is-layout-flex\" style=\"margin-top:var(--wp--preset--spacing--superbspacing-xxlarge);padding-top:0;padding-right:10%;padding-bottom:var(--wp--preset--spacing--superbspacing-xlarge);padding-left:10%\">\n<div class=\"wp-block-column is-vertically-aligned-center is-layout-flow wp-container-core-column-is-layout-65e55873 wp-block-column-is-layout-flow\" style=\"padding-top:var(--wp--preset--spacing--superbspacing-medium);flex-basis:50%\">\n<p class=\"pour-et-par-titre has-text-color has-link-color wp-elements-ef3ae6ec0a8c9b3ea7db640959d600bc\" style=\"color:#141414;font-size:clamp(0.875rem, 0.875rem + ((1vw - 0.2rem) * 0.591), 1.2rem);font-style:normal;font-weight:700;letter-spacing:0.8rem;text-transform:uppercase\">pour et par des<\/p>\n\n\n\n<h3 class=\"wp-block-heading passionnes-titre has-text-color has-link-color wp-elements-96821511a258832810bfd334f89300d3\" style=\"color:#141414;font-size:clamp(2.835rem, 2.835rem + ((1vw - 0.2rem) * 4.845), 5.5rem);\">passionn\u00e9s<\/h3>\n\n\n\n<h4 class=\"wp-block-heading texte-simone\" style=\"font-size:clamp(0.875rem, 0.875rem + ((1vw - 0.2rem) * 0.227), 1rem);font-style:normal;font-weight:600;letter-spacing:0.5rem;line-height:1.7;text-transform:uppercase\">une exp\u00e9rience au volant<br>sans chauffeur<\/h4>\n\n\n\n<p class=\"texte-simone\" style=\"font-size:clamp(0.875rem, 0.875rem + ((1vw - 0.2rem) * 0.591), 1.2rem);letter-spacing:1px\">Les ic\u00f4nes de l&rsquo;automobile ne seront jamais d\u00e9mod\u00e9es. Si comme nous, une petite flamme br\u00fble dans votre c\u0153ur de passionn\u00e9&#8230; alors nos grands classiques peuvent encore et toujours vous surprendre. Le temps d&rsquo;une journ\u00e9e ou de quelques heures au d\u00e9tour d&rsquo;une balade motoris\u00e9e laissez vous tenter par un saut dans le pass\u00e9.<\/p>\n\n\n\n<div class=\"wp-block-columns is-layout-flex wp-container-core-columns-is-layout-7d002596 wp-block-columns-is-layout-flex\">\n<div class=\"wp-block-column is-vertically-aligned-center bouton-derriere-volant is-layout-flow wp-block-column-is-layout-flow\">\n<div class=\"wp-block-buttons bouton is-horizontal is-content-justification-left is-nowrap is-layout-flex wp-container-core-buttons-is-layout-7926b886 wp-block-buttons-is-layout-flex\">\n<div class=\"wp-block-button is-style-outline is-style-outline--1\"><a class=\"wp-block-button__link has-border-color has-text-align-center has-custom-font-size wp-element-button\" href=\"https:\/\/behindthewheel.be\/index.php\/a-louer\/#reserver\" style=\"border-color:#141414;border-width:1px;border-radius:49px;padding-right:var(--wp--preset--spacing--superbspacing-small);padding-left:var(--wp--preset--spacing--superbspacing-small);font-size:0.8rem;letter-spacing:0.1rem;text-transform:uppercase\">louer un v\u00e9hicule<\/a><\/div>\n<\/div>\n<\/div>\n\n\n\n<div class=\"wp-block-column is-vertically-aligned-center is-layout-flow wp-block-column-is-layout-flow\" style=\"flex-basis:50%\">\n<p class=\"has-text-align-left voir-le-garage has-text-color has-link-color wp-elements-1abee56764d77f26e769f6ff71dd45ef\" style=\"color:#141414;font-size:0.8rem\"><a href=\"https:\/\/behindthewheel.be\/index.php\/le-garage\/\" data-type=\"page\" data-id=\"2211\">Voir le garage<\/a><\/p>\n<\/div>\n<\/div>\n<\/div>\n\n\n\n<div class=\"wp-block-column is-vertically-aligned-center is-layout-flow wp-block-column-is-layout-flow\">\n<figure class=\"wp-block-image size-large has-custom-border is-style-default\"><img loading=\"lazy\" decoding=\"async\" width=\"1024\" height=\"683\" src=\"https:\/\/behindthewheel.be\/wp-content\/uploads\/2024\/06\/julian-hochgesang-0axbBC_5-O0-unsplash_retouches-1024x683.png\" alt=\"\" class=\"wp-image-554\" style=\"border-radius:15px;aspect-ratio:1;object-fit:cover\" srcset=\"https:\/\/behindthewheel.be\/wp-content\/uploads\/2024\/06\/julian-hochgesang-0axbBC_5-O0-unsplash_retouches-1024x683.png 1024w, https:\/\/behindthewheel.be\/wp-content\/uploads\/2024\/06\/julian-hochgesang-0axbBC_5-O0-unsplash_retouches-300x200.png 300w, https:\/\/behindthewheel.be\/wp-content\/uploads\/2024\/06\/julian-hochgesang-0axbBC_5-O0-unsplash_retouches-768x512.png 768w, https:\/\/behindthewheel.be\/wp-content\/uploads\/2024\/06\/julian-hochgesang-0axbBC_5-O0-unsplash_retouches-1536x1024.png 1536w, https:\/\/behindthewheel.be\/wp-content\/uploads\/2024\/06\/julian-hochgesang-0axbBC_5-O0-unsplash_retouches-2048x1365.png 2048w\" sizes=\"auto, (max-width: 1024px) 100vw, 1024px\" \/><\/figure>\n<\/div>\n<\/div>\n\n\n\n<p><\/p>\n","protected":false},"excerpt":{"rendered":"<p>pour et par des passionn\u00e9s une exp\u00e9rience au volantsans chauffeur Les ic\u00f4nes de l&rsquo;automobile ne seront jamais d\u00e9mod\u00e9es. Si comme nous, une petite flamme br\u00fble dans votre c\u0153ur de passionn\u00e9&#8230; alors nos grands classiques peuvent encore et toujours vous surprendre. Le temps d&rsquo;une journ\u00e9e ou de quelques heures au d\u00e9tour d&rsquo;une balade motoris\u00e9e laissez vous [&hellip;]<\/p>\n","protected":false},"author":2,"featured_media":0,"parent":0,"menu_order":0,"comment_status":"closed","ping_status":"closed","template":"","meta":{"footnotes":""},"class_list":["post-988","page","type-page","status-publish","hentry"],"_links":{"self":[{"href":"https:\/\/behindthewheel.be\/index.php\/wp-json\/wp\/v2\/pages\/988","targetHints":{"allow":["GET"]}}],"collection":[{"href":"https:\/\/behindthewheel.be\/index.php\/wp-json\/wp\/v2\/pages"}],"about":[{"href":"https:\/\/behindthewheel.be\/index.php\/wp-json\/wp\/v2\/types\/page"}],"author":[{"embeddable":true,"href":"https:\/\/behindthewheel.be\/index.php\/wp-json\/wp\/v2\/users\/2"}],"replies":[{"embeddable":true,"href":"https:\/\/behindthewheel.be\/index.php\/wp-json\/wp\/v2\/comments?post=988"}],"version-history":[{"count":42,"href":"https:\/\/behindthewheel.be\/index.php\/wp-json\/wp\/v2\/pages\/988\/revisions"}],"predecessor-version":[{"id":2347,"href":"https:\/\/behindthewheel.be\/index.php\/wp-json\/wp\/v2\/pages\/988\/revisions\/2347"}],"wp:attachment":[{"href":"https:\/\/behindthewheel.be\/index.php\/wp-json\/wp\/v2\/media?parent=988"}],"curies":[{"name":"wp","href":"https:\/\/api.w.org\/{rel}","templated":true}]}}