{"id":937,"date":"2024-06-17T10:43:33","date_gmt":"2024-06-17T08:43:33","guid":{"rendered":"https:\/\/behindthewheel.be\/?page_id=937"},"modified":"2025-07-08T09:43:27","modified_gmt":"2025-07-08T07:43:27","slug":"nous-contacter","status":"publish","type":"page","link":"https:\/\/behindthewheel.be\/index.php\/nous-contacter\/","title":{"rendered":"Nous contacter"},"content":{"rendered":"\n<div class=\"wp-block-columns is-layout-flex wp-container-core-columns-is-layout-7db4e954 wp-block-columns-is-layout-flex\" id=\"reserver\" style=\"padding-top:var(--wp--preset--spacing--superbspacing-small);padding-right:10%;padding-bottom:var(--wp--preset--spacing--superbspacing-xlarge);padding-left:10%\">\n<div class=\"wp-block-column is-vertically-aligned-top has-link-color wp-elements-ae70bbb50e85ffd17eb7aa318ebe695a is-layout-flow wp-container-core-column-is-layout-65e55873 wp-block-column-is-layout-flow\" style=\"padding-top:var(--wp--preset--spacing--superbspacing-medium)\">\n<p class=\"has-text-align-left en-voiture has-text-color has-link-color wp-elements-40683ab6773fe082f2a0235d7c5e776b\" style=\"color:#141414;font-size:clamp(0.875rem, 0.875rem + ((1vw - 0.2rem) * 0.591), 1.2rem);font-style:normal;font-weight:700;letter-spacing:0.8rem;text-transform:uppercase\">poser une<\/p>\n\n\n\n<h3 class=\"wp-block-heading has-text-align-left voiture-titre has-text-color has-link-color wp-elements-eb89ad4ab76617504da5a6c8962772ff\" style=\"color:#141414;font-size:clamp(2.835rem, 2.835rem + ((1vw - 0.2rem) * 4.845), 5.5rem);\">question<\/h3>\n\n\n\n<h4 class=\"wp-block-heading\" style=\"font-size:clamp(0.875rem, 0.875rem + ((1vw - 0.2rem) * 0.227), 1rem);font-style:normal;font-weight:600;letter-spacing:0.5rem;line-height:1.7;text-transform:uppercase\">Vous avez besoin de plus d&rsquo;information sur l&rsquo;un de nos v\u00e9hicules ?<\/h4>\n\n\n\n<p style=\"font-size:clamp(0.875rem, 0.875rem + ((1vw - 0.2rem) * 0.591), 1.2rem);letter-spacing:1px\">Pour la prise en charge et le suivi optimal de votre demande, nous vous demandons d&rsquo;utiliser uniquement le <a href=\"https:\/\/behindthewheel.be\/index.php\/a-louer\/#reserver\" data-type=\"page\" data-id=\"553\">formulaire de r\u00e9servation<\/a>.<\/p>\n\n\n\n<p style=\"font-size:clamp(0.875rem, 0.875rem + ((1vw - 0.2rem) * 0.591), 1.2rem);letter-spacing:1px\">Vous avez besoin de plus d&rsquo;information sur l&rsquo;un de nos v\u00e9hicules ? Notre \u00e9quipe reste disponible via nos canaux de communication g\u00e9n\u00e9raux ou via le formulaire de contact ci-contre.<\/p>\n\n\n\n<p style=\"font-size:clamp(0.875rem, 0.875rem + ((1vw - 0.2rem) * 0.591), 1.2rem);letter-spacing:1px\"><a href=\"mailto:info@behindthewheel.be\" data-type=\"mailto\" data-id=\"mailto:\">contact@behindthewheel.be<br><\/a><a href=\"tel:0032475359731\">+32 (0) 475 35 97 31<\/a><br>Rue des Matyrs 115<br>4420 Saint-Nicolas (Tilleur)<br>Belgique<\/p>\n<\/div>\n\n\n\n<div class=\"wp-block-column is-vertically-aligned-center is-layout-flow wp-block-column-is-layout-flow\" style=\"padding-top:0;flex-basis:60%\"><style id=\"wpforms-css-vars-963-block-d1e8c437-345e-4466-996d-4786b6faf959\">\n\t\t\t\t#wpforms-963.wpforms-block-d1e8c437-345e-4466-996d-4786b6faf959 {\n\t\t\t\t--wpforms-label-color: #262626;\n--wpforms-label-sublabel-color: #7f7f7f;\n--wpforms-label-error-color: #ff0000;\n--wpforms-page-break-color: #dddddd;\n--wpforms-field-border-size: 0px;\n--wpforms-field-border-radius: 0px;\n--wpforms-field-background-color: #f7efe6;\n--wpforms-field-border-color: #cccccc;\n--wpforms-field-border-color-spare: #cccccc;\n--wpforms-field-text-color: #1F2937;\n--wpforms-button-border-style: solid;\n--wpforms-button-border-size: 0px;\n--wpforms-button-border-radius: 0px;\n--wpforms-button-background-color: #dd9e00;\n--wpforms-button-border-color: #cccccc;\n--wpforms-field-size-input-height: 50px;\n--wpforms-field-size-input-spacing: 20px;\n--wpforms-field-size-font-size: 18px;\n--wpforms-field-size-line-height: 21px;\n--wpforms-field-size-padding-h: 14px;\n--wpforms-field-size-checkbox-size: 18px;\n--wpforms-field-size-sublabel-spacing: 10px;\n--wpforms-field-size-icon-size: 1.25;\n--wpforms-label-size-font-size: 14px;\n--wpforms-label-size-line-height: 17px;\n--wpforms-label-size-sublabel-font-size: 13px;\n--wpforms-label-size-sublabel-line-height: 16px;\n--wpforms-button-size-font-size: 17px;\n--wpforms-button-size-height: 41px;\n--wpforms-button-size-padding-h: 15px;\n--wpforms-button-size-margin-top: 10px;\n\t\t\t}\n\t\t\t<\/style><style id=\"wpforms-custom-css-963-block-d1e8c437-345e-4466-996d-4786b6faf959\">\n\t\t\t\t.wpforms-container ::-webkit-input-placeholder { \/* Chrome and Safari *\/\n   font-family: Barlow Condensed, sans-serif!important;\n}\n  \n.wpforms-container :-moz-placeholder { \/* Mozilla Firefox 4 to 18 *\/\n   font-family: Barlow Condensed, sans-serif;\n   opacity: 1 !important;\n}\n  \n.wpforms-container ::-moz-placeholder { \/* Mozilla Firefox 19+ *\/\n   font-family: Barlow Condensed, sans-serif !important;\n   opacity: 1 !important;\n}\n  \n.wpforms-container :-ms-input-placeholder { \/* Internet Explorer 10-11 *\/\n   font-family: Barlow Condensed, sans-serif!important;\n}\n  \n.wpforms-container ::-ms-input-placeholder { \/* Microsoft Edge *\/\n   font-family: Barlow Condensed, sans-serif!important;\n}\n  \n.wpforms-container ::placeholder {\n   font-family: Barlow Condensed, sans-serif !important;\n}\n\t\t\t<\/style><div class=\"wpforms-container wpforms-container-full formwp wpforms-block wpforms-block-d1e8c437-345e-4466-996d-4786b6faf959 wpforms-render-modern\" id=\"wpforms-963\"><form id=\"wpforms-form-963\" class=\"wpforms-validate wpforms-form wpforms-ajax-form\" data-formid=\"963\" method=\"post\" enctype=\"multipart\/form-data\" action=\"\/index.php\/wp-json\/wp\/v2\/pages\/937\" data-token=\"abccc4d784c88673bad268b202ba25a9\" data-token-time=\"1775860487\"><noscript class=\"wpforms-error-noscript\">Veuillez activer JavaScript dans votre navigateur pour remplir ce formulaire.<\/noscript><div id=\"wpforms-error-noscript\" style=\"display: none;\">Veuillez activer JavaScript dans votre navigateur pour remplir ce formulaire.<\/div><div class=\"wpforms-field-container\"><div id=\"wpforms-963-field_0-container\" class=\"wpforms-field wpforms-field-name\" data-field-id=\"0\"><fieldset><legend class=\"wpforms-field-label wpforms-label-hide\" aria-hidden=\"false\">Nom <span class=\"wpforms-required-label\" aria-hidden=\"true\">*<\/span><\/legend><div class=\"wpforms-field-row wpforms-field-large\"><div class=\"wpforms-field-row-block wpforms-first wpforms-one-half\"><input type=\"text\" id=\"wpforms-963-field_0\" class=\"wpforms-field-name-first wpforms-field-required\" name=\"wpforms[fields][0][first]\" placeholder=\"Pr\u00e9nom\" aria-errormessage=\"wpforms-963-field_0-error\" required><label for=\"wpforms-963-field_0\" class=\"wpforms-field-sublabel after wpforms-sublabel-hide\">Pr\u00e9nom<\/label><\/div><div class=\"wpforms-field-row-block wpforms-one-half\"><input type=\"text\" id=\"wpforms-963-field_0-last\" class=\"wpforms-field-name-last wpforms-field-required\" name=\"wpforms[fields][0][last]\" placeholder=\"Nom\" aria-errormessage=\"wpforms-963-field_0-last-error\" required><label for=\"wpforms-963-field_0-last\" class=\"wpforms-field-sublabel after wpforms-sublabel-hide\">Nom<\/label><\/div><\/div><\/fieldset><\/div><div id=\"wpforms-963-field_1-container\" class=\"wpforms-field wpforms-field-email\" data-field-id=\"1\"><label class=\"wpforms-field-label wpforms-label-hide\" for=\"wpforms-963-field_1\" aria-hidden=\"false\">E-mail <span class=\"wpforms-required-label\" aria-hidden=\"true\">*<\/span><\/label><input type=\"email\" id=\"wpforms-963-field_1\" class=\"wpforms-field-large wpforms-field-required\" name=\"wpforms[fields][1]\" placeholder=\"Email\" spellcheck=\"false\" aria-errormessage=\"wpforms-963-field_1-error\" required><\/div><div id=\"wpforms-963-field_3-container\" class=\"wpforms-field wpforms-field-text\" data-field-id=\"3\"><label class=\"wpforms-field-label wpforms-label-hide\" for=\"wpforms-963-field_3\" aria-hidden=\"false\">Objet <span class=\"wpforms-required-label\" aria-hidden=\"true\">*<\/span><\/label><input type=\"text\" id=\"wpforms-963-field_3\" class=\"wpforms-field-large wpforms-field-required\" name=\"wpforms[fields][3]\" placeholder=\"Objet\" aria-errormessage=\"wpforms-963-field_3-error\" required><\/div><div id=\"wpforms-963-field_2-container\" class=\"wpforms-field wpforms-field-textarea\" data-field-id=\"2\"><label class=\"wpforms-field-label wpforms-label-hide\" for=\"wpforms-963-field_2\" aria-hidden=\"false\">Commentaire ou message <span class=\"wpforms-required-label\" aria-hidden=\"true\">*<\/span><\/label><textarea id=\"wpforms-963-field_2\" class=\"wpforms-field-medium wpforms-field-required\" name=\"wpforms[fields][2]\" placeholder=\"Votre message ...\" aria-errormessage=\"wpforms-963-field_2-error\" required><\/textarea><\/div><\/div><!-- .wpforms-field-container --><div class=\"wpforms-recaptcha-container wpforms-is-recaptcha wpforms-is-recaptcha-type-v3\" ><input type=\"hidden\" name=\"wpforms[recaptcha]\" value=\"\"><\/div><div class=\"wpforms-submit-container\" ><input type=\"hidden\" name=\"wpforms[id]\" value=\"963\"><input type=\"hidden\" name=\"page_title\" value=\"\"><input type=\"hidden\" name=\"page_url\" value=\"https:\/\/behindthewheel.be\/index.php\/wp-json\/wp\/v2\/pages\/937\"><input type=\"hidden\" name=\"url_referer\" value=\"\"><button type=\"submit\" name=\"wpforms[submit]\" id=\"wpforms-submit-963\" class=\"wpforms-submit\" data-alt-text=\"Envoi...\" data-submit-text=\"Envoyer\" aria-live=\"assertive\" value=\"wpforms-submit\">Envoyer<\/button><img loading=\"lazy\" decoding=\"async\" src=\"https:\/\/behindthewheel.be\/wp-content\/plugins\/wpforms-lite\/assets\/images\/submit-spin.svg\" class=\"wpforms-submit-spinner\" style=\"display: none;\" width=\"26\" height=\"26\" alt=\"Chargement en cours\"><\/div><\/form><\/div>  <!-- .wpforms-container --><\/div>\n<\/div>\n\n\n\n<p><\/p>\n","protected":false},"excerpt":{"rendered":"<p>poser une question Vous avez besoin de plus d&rsquo;information sur l&rsquo;un de nos v\u00e9hicules ? Pour la prise en charge et le suivi optimal de votre demande, nous vous demandons d&rsquo;utiliser uniquement le formulaire de r\u00e9servation. Vous avez besoin de plus d&rsquo;information sur l&rsquo;un de nos v\u00e9hicules ? Notre \u00e9quipe reste disponible via nos canaux [&hellip;]<\/p>\n","protected":false},"author":2,"featured_media":0,"parent":0,"menu_order":0,"comment_status":"closed","ping_status":"closed","template":"page-dark-hearder","meta":{"footnotes":""},"class_list":["post-937","page","type-page","status-publish","hentry"],"_links":{"self":[{"href":"https:\/\/behindthewheel.be\/index.php\/wp-json\/wp\/v2\/pages\/937","targetHints":{"allow":["GET"]}}],"collection":[{"href":"https:\/\/behindthewheel.be\/index.php\/wp-json\/wp\/v2\/pages"}],"about":[{"href":"https:\/\/behindthewheel.be\/index.php\/wp-json\/wp\/v2\/types\/page"}],"author":[{"embeddable":true,"href":"https:\/\/behindthewheel.be\/index.php\/wp-json\/wp\/v2\/users\/2"}],"replies":[{"embeddable":true,"href":"https:\/\/behindthewheel.be\/index.php\/wp-json\/wp\/v2\/comments?post=937"}],"version-history":[{"count":60,"href":"https:\/\/behindthewheel.be\/index.php\/wp-json\/wp\/v2\/pages\/937\/revisions"}],"predecessor-version":[{"id":2311,"href":"https:\/\/behindthewheel.be\/index.php\/wp-json\/wp\/v2\/pages\/937\/revisions\/2311"}],"wp:attachment":[{"href":"https:\/\/behindthewheel.be\/index.php\/wp-json\/wp\/v2\/media?parent=937"}],"curies":[{"name":"wp","href":"https:\/\/api.w.org\/{rel}","templated":true}]}}